{"id":178,"date":"2023-07-27T09:46:42","date_gmt":"2023-07-27T07:46:42","guid":{"rendered":"https:\/\/storydox.de\/?page_id=178"},"modified":"2023-07-29T12:20:31","modified_gmt":"2023-07-29T10:20:31","slug":"impressum","status":"publish","type":"page","link":"https:\/\/storydox.de\/en\/impressum\/","title":{"rendered":"Imprint"},"content":{"rendered":"\t\t<div data-elementor-type=\"wp-page\" data-elementor-id=\"178\" class=\"elementor elementor-178\" data-elementor-post-type=\"page\">\n\t\t\t\t\t\t<section class=\"elementor-section elementor-top-section elementor-element elementor-element-963791b elementor-section-boxed elementor-section-height-default elementor-section-height-default\" data-id=\"963791b\" data-element_type=\"section\" data-e-type=\"section\">\n\t\t\t\t\t\t<div class=\"elementor-container elementor-column-gap-default\">\n\t\t\t\t\t<div class=\"elementor-column elementor-col-100 elementor-top-column elementor-element elementor-element-2903425\" data-id=\"2903425\" data-element_type=\"column\" data-e-type=\"column\">\n\t\t\t<div class=\"elementor-widget-wrap elementor-element-populated\">\n\t\t\t\t\t\t<div class=\"elementor-element elementor-element-134c98f elementor-widget elementor-widget-spacer\" data-id=\"134c98f\" data-element_type=\"widget\" data-e-type=\"widget\" data-widget_type=\"spacer.default\">\n\t\t\t\t<div class=\"elementor-widget-container\">\n\t\t\t\t\t\t\t<div class=\"elementor-spacer\">\n\t\t\t<div class=\"elementor-spacer-inner\"><\/div>\n\t\t<\/div>\n\t\t\t\t\t\t<\/div>\n\t\t\t\t<\/div>\n\t\t\t\t\t<\/div>\n\t\t<\/div>\n\t\t\t\t\t<\/div>\n\t\t<\/section>\n\t\t\t\t<section class=\"elementor-section elementor-top-section elementor-element elementor-element-6dda7af elementor-section-boxed elementor-section-height-default elementor-section-height-default\" data-id=\"6dda7af\" data-element_type=\"section\" data-e-type=\"section\">\n\t\t\t\t\t\t<div class=\"elementor-container elementor-column-gap-default\">\n\t\t\t\t\t<div class=\"elementor-column elementor-col-100 elementor-top-column elementor-element elementor-element-c09657a\" data-id=\"c09657a\" data-element_type=\"column\" data-e-type=\"column\">\n\t\t\t<div class=\"elementor-widget-wrap elementor-element-populated\">\n\t\t\t\t\t\t<div class=\"elementor-element elementor-element-3287cad elementor-widget elementor-widget-heading\" data-id=\"3287cad\" data-element_type=\"widget\" data-e-type=\"widget\" data-widget_type=\"heading.default\">\n\t\t\t\t<div class=\"elementor-widget-container\">\n\t\t\t\t\t<h1 class=\"elementor-heading-title elementor-size-default\">Impressum<\/h1>\t\t\t\t<\/div>\n\t\t\t\t<\/div>\n\t\t\t\t<div class=\"elementor-element elementor-element-7d7de0e elementor-widget elementor-widget-heading\" data-id=\"7d7de0e\" data-element_type=\"widget\" data-e-type=\"widget\" data-widget_type=\"heading.default\">\n\t\t\t\t<div class=\"elementor-widget-container\">\n\t\t\t\t\t<h2 class=\"elementor-heading-title elementor-size-default\">Angaben gem\u00e4\u00df \u00a7 5 TMG<\/h2>\t\t\t\t<\/div>\n\t\t\t\t<\/div>\n\t\t\t\t<div class=\"elementor-element elementor-element-1dded59 elementor-widget elementor-widget-text-editor\" data-id=\"1dded59\" data-element_type=\"widget\" data-e-type=\"widget\" data-widget_type=\"text-editor.default\">\n\t\t\t\t<div class=\"elementor-widget-container\">\n\t\t\t\t\t\t\t\t\t<p>Dr. Claus W. Sch\u00e4fer<br \/>StorxDox Agentur f\u00fcr Geschichte und Geschichten<br \/>Kaulbachplatz 5<br \/>90408 N\u00fcrnberg<\/p>\t\t\t\t\t\t\t\t<\/div>\n\t\t\t\t<\/div>\n\t\t\t\t\t<\/div>\n\t\t<\/div>\n\t\t\t\t\t<\/div>\n\t\t<\/section>\n\t\t\t\t<section class=\"elementor-section elementor-top-section elementor-element elementor-element-2af724a elementor-section-boxed elementor-section-height-default elementor-section-height-default\" data-id=\"2af724a\" data-element_type=\"section\" data-e-type=\"section\">\n\t\t\t\t\t\t<div class=\"elementor-container elementor-column-gap-default\">\n\t\t\t\t\t<div class=\"elementor-column elementor-col-100 elementor-top-column elementor-element elementor-element-7094d2f\" data-id=\"7094d2f\" data-element_type=\"column\" data-e-type=\"column\">\n\t\t\t<div class=\"elementor-widget-wrap elementor-element-populated\">\n\t\t\t\t\t\t<div class=\"elementor-element elementor-element-d283040 elementor-widget elementor-widget-heading\" data-id=\"d283040\" data-element_type=\"widget\" data-e-type=\"widget\" data-widget_type=\"heading.default\">\n\t\t\t\t<div class=\"elementor-widget-container\">\n\t\t\t\t\t<h2 class=\"elementor-heading-title elementor-size-default\">Kontakt<\/h2>\t\t\t\t<\/div>\n\t\t\t\t<\/div>\n\t\t\t\t<div class=\"elementor-element elementor-element-5ac65e5 elementor-widget elementor-widget-text-editor\" data-id=\"5ac65e5\" data-element_type=\"widget\" data-e-type=\"widget\" data-widget_type=\"text-editor.default\">\n\t\t\t\t<div class=\"elementor-widget-container\">\n\t\t\t\t\t\t\t\t\t<p>Telefon: +49 (911) 71 517 261<br \/>Telefax: +49 (911) 71 517 261<br \/>E-Mail:\u00a0<a href=\"mailto:kontakt@storydox.de?subject=[storydox.de]%20\">kontakt@storydox.de<\/a><\/p><p>\u00a0<\/p><p>USt-ID: DE 323 692 229<\/p>\t\t\t\t\t\t\t\t<\/div>\n\t\t\t\t<\/div>\n\t\t\t\t\t<\/div>\n\t\t<\/div>\n\t\t\t\t\t<\/div>\n\t\t<\/section>\n\t\t\t\t<section class=\"elementor-section elementor-top-section elementor-element elementor-element-2f492a4 elementor-section-boxed elementor-section-height-default elementor-section-height-default\" data-id=\"2f492a4\" data-element_type=\"section\" data-e-type=\"section\">\n\t\t\t\t\t\t<div class=\"elementor-container elementor-column-gap-default\">\n\t\t\t\t\t<div class=\"elementor-column elementor-col-100 elementor-top-column elementor-element elementor-element-e530dce\" data-id=\"e530dce\" data-element_type=\"column\" data-e-type=\"column\">\n\t\t\t<div class=\"elementor-widget-wrap elementor-element-populated\">\n\t\t\t\t\t\t<div class=\"elementor-element elementor-element-0814238 elementor-widget elementor-widget-heading\" data-id=\"0814238\" data-element_type=\"widget\" data-e-type=\"widget\" data-widget_type=\"heading.default\">\n\t\t\t\t<div class=\"elementor-widget-container\">\n\t\t\t\t\t<h2 class=\"elementor-heading-title elementor-size-default\">Rechtliche Hinweise<\/h2>\t\t\t\t<\/div>\n\t\t\t\t<\/div>\n\t\t\t\t<div class=\"elementor-element elementor-element-35f66fb elementor-widget elementor-widget-text-editor\" data-id=\"35f66fb\" data-element_type=\"widget\" data-e-type=\"widget\" data-widget_type=\"text-editor.default\">\n\t\t\t\t<div class=\"elementor-widget-container\">\n\t\t\t\t\t\t\t\t\t<p>Wir sind nicht bereit oder verpflichtet, an Streitbeilegungsverfahren vor einer Verbraucherschlichtungsstelle teilzunehmen.<br \/><br \/>Trotz aller Bem\u00fchungen und Sorgfalt f\u00fcr die Richtigkeit der in diesem Internetauftritt enthaltenen Informationen, ist jegliche Haftung im Zusammenhang mit der Nutzung der Links auf fremde Internetseiten und jegliche Haftung im Zusammenhang mit der Nutzung der bereitgestellten Informationen ausgeschlossen.<br \/><br \/>Unsere auf dieser Internetseite ver\u00f6ffentlichten Kontaktangaben (Telefon, Telefax, Postanschrift, E-Mail-Adresse) d\u00fcrfen durch Dritte nicht f\u00fcr Werbung genutzt werden. Einer derartigen Benutzung unsere Daten durch Dritte wird hiermit ausdr\u00fccklich bereits vorab wiedersprochen.<\/p>\t\t\t\t\t\t\t\t<\/div>\n\t\t\t\t<\/div>\n\t\t\t\t\t<\/div>\n\t\t<\/div>\n\t\t\t\t\t<\/div>\n\t\t<\/section>\n\t\t\t\t<section class=\"elementor-section elementor-top-section elementor-element elementor-element-a84184f elementor-section-boxed elementor-section-height-default elementor-section-height-default\" data-id=\"a84184f\" data-element_type=\"section\" data-e-type=\"section\">\n\t\t\t\t\t\t<div class=\"elementor-container elementor-column-gap-default\">\n\t\t\t\t\t<div class=\"elementor-column elementor-col-100 elementor-top-column elementor-element elementor-element-359bcbb\" data-id=\"359bcbb\" data-element_type=\"column\" data-e-type=\"column\">\n\t\t\t<div class=\"elementor-widget-wrap elementor-element-populated\">\n\t\t\t\t\t\t<div class=\"elementor-element elementor-element-fe0a3aa elementor-widget elementor-widget-spacer\" data-id=\"fe0a3aa\" data-element_type=\"widget\" data-e-type=\"widget\" data-widget_type=\"spacer.default\">\n\t\t\t\t<div class=\"elementor-widget-container\">\n\t\t\t\t\t\t\t<div class=\"elementor-spacer\">\n\t\t\t<div class=\"elementor-spacer-inner\"><\/div>\n\t\t<\/div>\n\t\t\t\t\t\t<\/div>\n\t\t\t\t<\/div>\n\t\t\t\t\t<\/div>\n\t\t<\/div>\n\t\t\t\t\t<\/div>\n\t\t<\/section>\n\t\t\t\t<\/div>\n\t\t","protected":false},"excerpt":{"rendered":"<p>Impressum Angaben gem\u00e4\u00df \u00a7 5 TMG Dr. Claus W. Sch\u00e4ferStorxDox Agentur f\u00fcr Geschichte und GeschichtenKaulbachplatz 590408 N\u00fcrnberg Kontakt Telefon: +49 (911) 71 517 261Telefax: +49 (911) 71 517 261E-Mail:\u00a0kontakt@storydox.de \u00a0 USt-ID: DE 323 692 229 Rechtliche Hinweise Wir sind nicht bereit oder verpflichtet, an Streitbeilegungsverfahren vor einer Verbraucherschlichtungsstelle teilzunehmen. Trotz aller Bem\u00fchungen und Sorgfalt f\u00fcr [&hellip;]<\/p>\n","protected":false},"author":1,"featured_media":0,"parent":0,"menu_order":0,"comment_status":"closed","ping_status":"closed","template":"","meta":{"_acf_changed":false,"footnotes":""},"class_list":["post-178","page","type-page","status-publish","hentry"],"acf":[],"yoast_head":"<!-- This site is optimized with the Yoast SEO plugin v27.3 - https:\/\/yoast.com\/product\/yoast-seo-wordpress\/ -->\n<title>Impressum - storydox.de<\/title>\n<meta name=\"robots\" content=\"index, follow, max-snippet:-1, max-image-preview:large, max-video-preview:-1\" \/>\n<link rel=\"canonical\" href=\"https:\/\/storydox.de\/en\/impressum\/\" \/>\n<meta property=\"og:locale\" content=\"en_GB\" \/>\n<meta property=\"og:type\" content=\"article\" \/>\n<meta property=\"og:title\" content=\"Impressum - storydox.de\" \/>\n<meta property=\"og:description\" content=\"Impressum Angaben gem\u00e4\u00df \u00a7 5 TMG Dr. Claus W. Sch\u00e4ferStorxDox Agentur f\u00fcr Geschichte und GeschichtenKaulbachplatz 590408 N\u00fcrnberg Kontakt Telefon: +49 (911) 71 517 261Telefax: +49 (911) 71 517 261E-Mail:\u00a0kontakt@storydox.de \u00a0 USt-ID: DE 323 692 229 Rechtliche Hinweise Wir sind nicht bereit oder verpflichtet, an Streitbeilegungsverfahren vor einer Verbraucherschlichtungsstelle teilzunehmen. Trotz aller Bem\u00fchungen und Sorgfalt f\u00fcr [&hellip;]\" \/>\n<meta property=\"og:url\" content=\"https:\/\/storydox.de\/en\/impressum\/\" \/>\n<meta property=\"og:site_name\" content=\"storydox.de\" \/>\n<meta property=\"article:modified_time\" content=\"2023-07-29T10:20:31+00:00\" \/>\n<meta name=\"twitter:card\" content=\"summary_large_image\" \/>\n<meta name=\"twitter:label1\" content=\"Estimated reading time\" \/>\n\t<meta name=\"twitter:data1\" content=\"1 minute\" \/>\n<script type=\"application\/ld+json\" class=\"yoast-schema-graph\">{\"@context\":\"https:\\\/\\\/schema.org\",\"@graph\":[{\"@type\":\"WebPage\",\"@id\":\"https:\\\/\\\/storydox.de\\\/impressum\\\/\",\"url\":\"https:\\\/\\\/storydox.de\\\/impressum\\\/\",\"name\":\"Impressum - storydox.de\",\"isPartOf\":{\"@id\":\"https:\\\/\\\/storydox.de\\\/#website\"},\"datePublished\":\"2023-07-27T07:46:42+00:00\",\"dateModified\":\"2023-07-29T10:20:31+00:00\",\"breadcrumb\":{\"@id\":\"https:\\\/\\\/storydox.de\\\/impressum\\\/#breadcrumb\"},\"inLanguage\":\"en-GB\",\"potentialAction\":[{\"@type\":\"ReadAction\",\"target\":[\"https:\\\/\\\/storydox.de\\\/impressum\\\/\"]}]},{\"@type\":\"BreadcrumbList\",\"@id\":\"https:\\\/\\\/storydox.de\\\/impressum\\\/#breadcrumb\",\"itemListElement\":[{\"@type\":\"ListItem\",\"position\":1,\"name\":\"Startseite\",\"item\":\"https:\\\/\\\/storydox.de\\\/\"},{\"@type\":\"ListItem\",\"position\":2,\"name\":\"Impressum\"}]},{\"@type\":\"WebSite\",\"@id\":\"https:\\\/\\\/storydox.de\\\/#website\",\"url\":\"https:\\\/\\\/storydox.de\\\/\",\"name\":\"storydox.de\",\"description\":\"\",\"potentialAction\":[{\"@type\":\"SearchAction\",\"target\":{\"@type\":\"EntryPoint\",\"urlTemplate\":\"https:\\\/\\\/storydox.de\\\/?s={search_term_string}\"},\"query-input\":{\"@type\":\"PropertyValueSpecification\",\"valueRequired\":true,\"valueName\":\"search_term_string\"}}],\"inLanguage\":\"en-GB\"}]}<\/script>\n<!-- \/ Yoast SEO plugin. -->","yoast_head_json":{"title":"Impressum - storydox.de","robots":{"index":"index","follow":"follow","max-snippet":"max-snippet:-1","max-image-preview":"max-image-preview:large","max-video-preview":"max-video-preview:-1"},"canonical":"https:\/\/storydox.de\/en\/impressum\/","og_locale":"en_GB","og_type":"article","og_title":"Impressum - storydox.de","og_description":"Impressum Angaben gem\u00e4\u00df \u00a7 5 TMG Dr. Claus W. Sch\u00e4ferStorxDox Agentur f\u00fcr Geschichte und GeschichtenKaulbachplatz 590408 N\u00fcrnberg Kontakt Telefon: +49 (911) 71 517 261Telefax: +49 (911) 71 517 261E-Mail:\u00a0kontakt@storydox.de \u00a0 USt-ID: DE 323 692 229 Rechtliche Hinweise Wir sind nicht bereit oder verpflichtet, an Streitbeilegungsverfahren vor einer Verbraucherschlichtungsstelle teilzunehmen. Trotz aller Bem\u00fchungen und Sorgfalt f\u00fcr [&hellip;]","og_url":"https:\/\/storydox.de\/en\/impressum\/","og_site_name":"storydox.de","article_modified_time":"2023-07-29T10:20:31+00:00","twitter_card":"summary_large_image","twitter_misc":{"Estimated reading time":"1 minute"},"schema":{"@context":"https:\/\/schema.org","@graph":[{"@type":"WebPage","@id":"https:\/\/storydox.de\/impressum\/","url":"https:\/\/storydox.de\/impressum\/","name":"Impressum - storydox.de","isPartOf":{"@id":"https:\/\/storydox.de\/#website"},"datePublished":"2023-07-27T07:46:42+00:00","dateModified":"2023-07-29T10:20:31+00:00","breadcrumb":{"@id":"https:\/\/storydox.de\/impressum\/#breadcrumb"},"inLanguage":"en-GB","potentialAction":[{"@type":"ReadAction","target":["https:\/\/storydox.de\/impressum\/"]}]},{"@type":"BreadcrumbList","@id":"https:\/\/storydox.de\/impressum\/#breadcrumb","itemListElement":[{"@type":"ListItem","position":1,"name":"Startseite","item":"https:\/\/storydox.de\/"},{"@type":"ListItem","position":2,"name":"Impressum"}]},{"@type":"WebSite","@id":"https:\/\/storydox.de\/#website","url":"https:\/\/storydox.de\/","name":"storydox.de","description":"","potentialAction":[{"@type":"SearchAction","target":{"@type":"EntryPoint","urlTemplate":"https:\/\/storydox.de\/?s={search_term_string}"},"query-input":{"@type":"PropertyValueSpecification","valueRequired":true,"valueName":"search_term_string"}}],"inLanguage":"en-GB"}]}},"_links":{"self":[{"href":"https:\/\/storydox.de\/en\/wp-json\/wp\/v2\/pages\/178","targetHints":{"allow":["GET"]}}],"collection":[{"href":"https:\/\/storydox.de\/en\/wp-json\/wp\/v2\/pages"}],"about":[{"href":"https:\/\/storydox.de\/en\/wp-json\/wp\/v2\/types\/page"}],"author":[{"embeddable":true,"href":"https:\/\/storydox.de\/en\/wp-json\/wp\/v2\/users\/1"}],"replies":[{"embeddable":true,"href":"https:\/\/storydox.de\/en\/wp-json\/wp\/v2\/comments?post=178"}],"version-history":[{"count":0,"href":"https:\/\/storydox.de\/en\/wp-json\/wp\/v2\/pages\/178\/revisions"}],"wp:attachment":[{"href":"https:\/\/storydox.de\/en\/wp-json\/wp\/v2\/media?parent=178"}],"curies":[{"name":"wp","href":"https:\/\/api.w.org\/{rel}","templated":true}]}}